{"id":563,"date":"2020-07-03T09:43:14","date_gmt":"2020-07-03T09:43:14","guid":{"rendered":"https:\/\/www.thescore.ee\/erootikkaklubi-nr-1-tallinnassa\/"},"modified":"2024-10-11T12:45:25","modified_gmt":"2024-10-11T12:45:25","slug":"erootikkaklubi-nr-1-tallinnassa","status":"publish","type":"page","link":"https:\/\/www.thescore.ee\/fi\/","title":{"rendered":"Tallinnan paras striptease-klubi"},"content":{"rendered":"\n\n\t\t\t<div data-elementor-type=\"section\" data-elementor-id=\"7774\" class=\"elementor elementor-7774 elementor-7755\" data-elementor-post-type=\"elementor_library\">\n\t\t\t\t\t<section class=\"elementor-section elementor-top-section elementor-element elementor-element-374004f elementor-section-full_width elementor-section-height-min-height elementor-section-content-middle elementor-section-height-default elementor-section-items-middle\" data-id=\"374004f\" data-element_type=\"section\" data-settings=\"{&quot;background_background&quot;:&quot;video&quot;,&quot;background_video_link&quot;:&quot;https:\\\/\\\/www.thescore.ee\\\/wp-content\\\/uploads\\\/2024\\\/10\\\/Strip-hard-v3.mp4&quot;,&quot;background_play_on_mobile&quot;:&quot;yes&quot;}\">\n\t\t\t\t\t\t\t\t<div class=\"elementor-background-video-container\" aria-hidden=\"true\">\n\t\t\t\t\t\t\t\t\t\t\t\t\t<video class=\"elementor-background-video-hosted\" autoplay muted playsinline loop><\/video>\n\t\t\t\t\t\t\t\t\t\t\t<\/div>\n\t\t\t\t\t\t\t\t\t<div class=\"elementor-background-overlay\"><\/div>\n\t\t\t\t\t\t\t<div class=\"elementor-container elementor-column-gap-default\">\n\t\t\t\t\t<div class=\"elementor-column elementor-col-100 elementor-top-column elementor-element elementor-element-1fa5e9d\" data-id=\"1fa5e9d\" data-element_type=\"column\">\n\t\t\t<div class=\"elementor-widget-wrap elementor-element-populated\">\n\t\t\t\t\t\t<div class=\"elementor-element elementor-element-dbe6d31 elementor-widget elementor-widget-html\" data-id=\"dbe6d31\" data-element_type=\"widget\" data-widget_type=\"html.default\">\n\t\t\t\t<div class=\"elementor-widget-container\">\n\t\t\t\t\t<div class=\"heroOuter\">\r\n    <div class=\"heroInner\">\r\n        <div class=\"heroContentBox\">\r\n            <span id=\"heroLeft\">THESCORE<\/span>\r\n            <span id=\"heroRight\">BAR & GIRLS<br>FULL STRIPTEASE<\/span>\r\n        <\/div>\r\n    <\/div>\r\n<div class=\"focusBar\">\r\n    <div class=\"focusBarOuter\">\r\n        <div class=\"focusBarInner\">\r\n            <div class=\"focusBarBlock\">\r\n                <span class=\"focusBarHeading\">LIPPU:<\/span>\r\n                <span>10\u20ac P\u00c4IV\u00c4LL\u00c4, 15\u20ac ILLALLA<\/span>\r\n            <\/div>\r\n        <div class=\"focusBarDot\">\u2022<\/div>\r\n            <div class=\"focusBarBlock\" id=\"openTimes\">\r\n                <span class=\"focusBarHeading\">AVOINNA:<\/span>\r\n                <span>Avoinna 7 p\u00e4iv\u00e4\u00e4 viikossa 12.00-23.00<\/span>\r\n            <\/div>\r\n        <div class=\"focusBarDot\">\u2022<\/div>\r\n            <div class=\"focusBarBlock\">\r\n                <span class=\"focusBarHeading\">OSOITE:<\/span>\r\n                <span>VANA-VIRU 14, TALLINN<\/span>\r\n            <\/div>\r\n        <\/div>\r\n    <\/div>\r\n<\/div>\r\n<\/div>\t\t\t\t<\/div>\n\t\t\t\t<\/div>\n\t\t\t\t\t<\/div>\n\t\t<\/div>\n\t\t\t\t\t<\/div>\n\t\t<\/section>\n\t\t\t\t<\/div>\n\t\t\n\t<section>\n    <h1>Tallinnan Paras Strippiklubi<\/h1>\n    \n    The Score on ainoa strippiklubi tallinnan ydinkeskustassa, jossa on tarjollat\u00e4ysstripteasea, ja samalla voi seurata urheilua suurelta n\u00e4yt\u00f6lt\u00e4\n    \n    \n    The Score Tallinn aloitti toimintansa 2008 ja sijaitsee ydinkeskustassa, aivan Viru-kadun tuntumassa. Parhaat tanssijat, upeat drinkit, erinomainen palvelu ja tyylik\u00e4s sisustus ovat tehneet klubistamme todellisen asiakkaiden suosikin. The Score Tallinn tarjoaa urheilufaneille my\u00f6s mahtavan jalkapalloloungen ja kauniit tanssijat erotic loungen puolella. Samassa rakennuksessa toimii my\u00f6s saunaklubimme ja VIP-sauna, jonka voi vuokrata yksityistilaisuuksiin.\n    \n      <img decoding=\"async\" src=\"https:\/\/www.thescore.ee\/wp-content\/uploads\/\/2020\/06\/Group-60USPNoShadow.svg\"\/>\n      <h3>T\u00c4YSSTRIPTEASE<\/h3>\n      <img decoding=\"async\" src=\"https:\/\/www.thescore.ee\/wp-content\/uploads\/\/2020\/06\/Group-61USPNoShadow.svg\"\/>\n      <h3>YKSITYISTILAT<\/h3>\n      <img decoding=\"async\" src=\"https:\/\/www.thescore.ee\/wp-content\/uploads\/\/2020\/06\/Group-62USPNoShadow.svg\"\/>\n      <h3>JOPA 15 TANSSIJAA<\/h3>\n<h2>FOOTBALL LOUNGE<\/h2>\n<p>Suuret LCD-n\u00e4yt\u00f6t, joista voi seurata jalkapalloa ja muuta ajankohtaista urheilua liven\u00e4. Mik\u00e4 voisi olla parempaa kuin kylm\u00e4 olut, suosikkiurheilulajit sek\u00e4 seksikk\u00e4\u00e4t tanssijat ja tarjoilijat? Mahtava tunnelma on taattu!<\/p>\n<h2>EROTIC LOUNGE<\/h2>\n<p>Ep\u00e4ilem\u00e4tt\u00e4 kaupungin upeimmat tarjoilijat ja tanssijat, jotka tarjoavat eroottista silm\u00e4niloa. Todella ikimuistoisia iltoja varten suosittelemme yksityistiloja, joissa eroottinen tanssiesitys on vain sinulle. Privaattiesityksen lis\u00e4ksi tarjoamme my\u00f6s lis\u00e4palveluja.P\u00e4iv\u00e4ll\u00e4 klubissa on 3-5 tanssijaa. Iltaisin kello 21 alkaen klubissa esiintyy jopa 15 tanssijaa.<\/p>\n        <img decoding=\"async\" src=\"https:\/\/www.thescore.ee\/wp-content\/uploads\/\/2020\/06\/TicketInfoBox-1.svg\"\/>\n        Lippu: 10.- p\u00e4iv\u00e4ll\u00e4, 15.- illalla\u2028<br \/>Avoinna: 24h joka p\u00e4iv\u00e4\n<\/section>\n\t<section>\n            <img src='https:\/\/www.thescore.ee\/wp-content\/uploads\/\/2020\/06\/InstagramGradientIcon.svg'\/>\n            SEURAA MEIT\u00c4 INSTASSA\n            <a href=\"https:\/\/www.instagram.com\/the_score_club_tallinn\/?igsh=YWcwY2NwejNnZnkw\" target=\"_blank\" rel=\"noopener\">@scoreclub_tallinn<\/a>\n<section>\n        J\u00e4rjest\u00e4 omat bileet\n        <p>Autamme toteuttamaan polttarit, syntt\u00e4rit ja yritysten tilaisuudet<\/p>\n        <p>Vip-sauna alkaen 100 euroa \/ tunti<\/p>\n        <a href=\"\/fi\/yhteystiedot\/\"><button>Ota yhteytt\u00e4<\/button><\/a>\n<\/section>\n<section>\n                    <a href=\"\/fi\/lisapalvelut\/\">\n            Lis\u00e4palvelut\n        <\/a>\n                    <a href=\"\/fi\/vuokraa-sauna-tallinnassa\/\">\n            Vuokraa sauna\n        <\/a>\n                    <a href=\"\/fi\/galleria\/\">\n            Galleria\n        <\/a>\n                    <a href=\"\/fi\/polttarit-klubissa-thescore\/\">\n            Tapahtumat\n                    <\/a>\n<\/section>\n<\/section>\n","protected":false},"excerpt":{"rendered":"<p>Tallinnan Paras Strippiklubi The Score on ainoa strippiklubi tallinnan ydinkeskustassa, jossa on tarjollat\u00e4ysstripteasea, ja samalla voi seurata urheilua suurelta n\u00e4yt\u00f6lt\u00e4 The Score Tallinn aloitti toimintansa 2008 ja sijaitsee ydinkeskustassa, aivan Viru-kadun tuntumassa. Parhaat tanssijat, upeat drinkit, erinomainen palvelu ja tyylik\u00e4s sisustus ovat tehneet klubistamme todellisen asiakkaiden suosikin. The Score Tallinn tarjoaa urheilufaneille my\u00f6s mahtavan jalkapalloloungen&hellip;<\/p>\n","protected":false},"author":1,"featured_media":520,"parent":0,"menu_order":0,"comment_status":"closed","ping_status":"open","template":"","meta":{"footnotes":""},"class_list":["post-563","page","type-page","status-publish","has-post-thumbnail","hentry"],"acf":[],"_links":{"self":[{"href":"https:\/\/www.thescore.ee\/fi\/wp-json\/wp\/v2\/pages\/563","targetHints":{"allow":["GET"]}}],"collection":[{"href":"https:\/\/www.thescore.ee\/fi\/wp-json\/wp\/v2\/pages"}],"about":[{"href":"https:\/\/www.thescore.ee\/fi\/wp-json\/wp\/v2\/types\/page"}],"author":[{"embeddable":true,"href":"https:\/\/www.thescore.ee\/fi\/wp-json\/wp\/v2\/users\/1"}],"replies":[{"embeddable":true,"href":"https:\/\/www.thescore.ee\/fi\/wp-json\/wp\/v2\/comments?post=563"}],"version-history":[{"count":13,"href":"https:\/\/www.thescore.ee\/fi\/wp-json\/wp\/v2\/pages\/563\/revisions"}],"predecessor-version":[{"id":7925,"href":"https:\/\/www.thescore.ee\/fi\/wp-json\/wp\/v2\/pages\/563\/revisions\/7925"}],"wp:featuredmedia":[{"embeddable":true,"href":"https:\/\/www.thescore.ee\/fi\/wp-json\/wp\/v2\/media\/520"}],"wp:attachment":[{"href":"https:\/\/www.thescore.ee\/fi\/wp-json\/wp\/v2\/media?parent=563"}],"curies":[{"name":"wp","href":"https:\/\/api.w.org\/{rel}","templated":true}]}}