{"id":567,"date":"2020-07-03T10:00:42","date_gmt":"2020-07-03T10:00:42","guid":{"rendered":"https:\/\/www.thescore.ee\/polttarit-klubissa-thescore\/"},"modified":"2025-03-11T09:47:08","modified_gmt":"2025-03-11T09:47:08","slug":"polttarit-klubissa-thescore","status":"publish","type":"page","link":"https:\/\/www.thescore.ee\/fi\/polttarit-klubissa-thescore\/","title":{"rendered":"Polttarit Tallinnassa"},"content":{"rendered":"\n\n                LIPPU:\n                10\u20ac P\u00c4IV\u00c4LL\u00c4, 15\u20ac ILLALLA\n        \u2022\n                AVOINNA: \n                JOKA P\u00c4IV\u00c4 24H\n        \u2022\n                OSOITE:\n                VANA-VIRU 14, TALLINN\n\t<section>\n    <h1>Polttarit sulhaselle tallinnassa<\/h1>\n    Ikimuistoiset polttarit sulhaselle The Scoressa\n    Onko suunnitelmissa j\u00e4rjest\u00e4\u00e4 polttarit tulevan sulhasen viimeisen vapaan illan juhlistamiseksi? Polttarit seksikk\u00e4ine tanssijoineen ovat klassikko. The Score sijaitsee aivan Vanhankaupungin tuntumassa, ja meill\u00e4 on kaupungin parhaat eroottiset tanssijat. The Scoressa on my\u00f6s t\u00e4ysstripteasea ainoana Tallinnassa. Upea el\u00e4mys on taattu! Todella ikimuistoisia iltoja varten suosittelemme lis\u00e4palveluja, kuten vaikkapa privaattishow. Autamme my\u00f6s kaikissa j\u00e4rjestelyiss\u00e4, jos haluat j\u00e4rjest\u00e4\u00e4 todella ainutlaatuiset ja poikkeukselliset polttarit. Kysy rohkeasti ja autamme aina mahdollisuuksien mukaan. J\u00e4rjest\u00e4 kaverille ikimuistoinen ilta, joka pysyy mieless\u00e4 viel\u00e4 pitk\u00e4\u00e4n!\n\n    <iframe src=\"https:\/\/www.facebook.com\/plugins\/video.php?href=https%3A%2F%2Fwww.facebook.com%2FScoreClubTallinn%2Fvideos%2F429045484190617%2F&#038;show_text=0&#038;width=560\" width=\"560\" height=\"315\" scrolling=\"no\" frameborder=\"0\" allowTransparency=\"true\" allowFullScreen=\"true\"><\/iframe>\n    <h2>POLTTARIT JA SAUNAILTA<\/h2>\n    \n        Polttarit ilman saunaa eiv\u00e4t ole mitk\u00e4\u00e4n polttarit. Tyylik\u00e4s saunamme on Tallinnan parhaimmistoa, eik\u00e4 vain sijaintinsa puolesta. Sauna on kuuma ja olut on kylm\u00e4\u00e4! Kahdessa kerroksessa on riitt\u00e4v\u00e4sti tilaa jopa 20 saunojalle. Pienempi\u00e4 ryhmi\u00e4 varten suosittelemme VIP-saunaamme, johon mahtuu 10-12 saunojaa.\n        eroottisen privaattiesityksen. Show&#8217;ta voi katsella my\u00f6s porealtaassa.\n\n<a href=\"\/fi\/vuokraa-sauna-tallinnassa\/\">Tarkista sauna<\/a>\n<\/section>\n\t<link rel=\"stylesheet\" id=\"font-awesome-5-css\" href=\"http:\/\/www.thescore.ee\/wp-content\/plugins\/bb-plugin\/fonts\/fontawesome\/5.13.0\/css\/all.min.css?ver=2.3.2.5\" media=\"all\"\/>\n<section>\n                        Polttareiden lis\u00e4palvelut\n                        Polttareiden lis\u00e4palvelut: saunan vuokraus, strippausillallinen, watershow ja tietysti striptease show. Ota yhteytt\u00e4, niin autamme j\u00e4rjest\u00e4m\u00e4\u00e4n ikimuistoiset polttarit!\n                        \n                        Teemabileet\n                        J\u00e4rjest\u00e4mme my\u00f6s erilaisia teemabileit\u00e4 polttareita varten. Jos sinulla on idea, kysy reippaasti ja l\u00f6yd\u00e4mme yhdess\u00e4 parhaan toteutustavan!\n                        \n                        Onko klubissa aina tanssijoita?\n                        Kyll\u00e4! P\u00e4iv\u00e4ll\u00e4 klubissa on 3-5 showtanssijaa. Iltaisin kello 21 alkaen klubissa esiintyy jopa 15 tanssijaa.\n                        \n                        Onko klubissa ravintola?\n                        The Score Tallinn ei ole ravintola, mutta pienemp\u00e4\u00e4 sy\u00f6t\u00e4v\u00e4\u00e4 voi tilata samassa rakennuksessa sijaitsevasta Arena 14 -baarista.\n                        \n            Varata tapaaminen\n            \n<div class=\"wpcf7 no-js\" id=\"wpcf7-f569-o1\" lang=\"fi\" dir=\"ltr\" data-wpcf7-id=\"569\">\n<div class=\"screen-reader-response\"><p role=\"status\" aria-live=\"polite\" aria-atomic=\"true\"><\/p> <ul><\/ul><\/div>\n<form action=\"\/fi\/wp-json\/wp\/v2\/pages\/567#wpcf7-f569-o1\" method=\"post\" class=\"wpcf7-form init\" aria-label=\"Yhteydenottolomake\" novalidate=\"novalidate\" data-status=\"init\">\n<fieldset class=\"hidden-fields-container\"><input type=\"hidden\" name=\"_wpcf7\" value=\"569\" \/><input type=\"hidden\" name=\"_wpcf7_version\" value=\"6.1.1\" \/><input type=\"hidden\" name=\"_wpcf7_locale\" value=\"fi\" \/><input type=\"hidden\" name=\"_wpcf7_unit_tag\" value=\"wpcf7-f569-o1\" \/><input type=\"hidden\" name=\"_wpcf7_container_post\" value=\"0\" \/><input type=\"hidden\" name=\"_wpcf7_posted_data_hash\" value=\"\" \/><input type=\"hidden\" name=\"_wpcf7_recaptcha_response\" value=\"\" \/>\n<\/fieldset>\n<p><span class=\"wpcf7-form-control-wrap\" data-name=\"your-name\"><input size=\"40\" maxlength=\"400\" class=\"wpcf7-form-control wpcf7-text wpcf7-validates-as-required\" aria-required=\"true\" aria-invalid=\"false\" placeholder=\"NIMI\" value=\"\" type=\"text\" name=\"your-name\" \/><\/span>\n<\/p>\n<p><span class=\"wpcf7-form-control-wrap\" data-name=\"your-email\"><input size=\"40\" maxlength=\"400\" class=\"wpcf7-form-control wpcf7-email wpcf7-validates-as-required wpcf7-text wpcf7-validates-as-email\" aria-required=\"true\" aria-invalid=\"false\" placeholder=\"S\u00c4HK\u00d6POSTISI\" value=\"\" type=\"email\" name=\"your-email\" \/><\/span>\n<\/p>\n<p><span class=\"wpcf7-form-control-wrap\" data-name=\"your-subject\"><input size=\"40\" maxlength=\"400\" class=\"wpcf7-form-control wpcf7-text\" aria-invalid=\"false\" placeholder=\"AIHE\" value=\"\" type=\"text\" name=\"your-subject\" \/><\/span>\n<\/p>\n<p><span class=\"wpcf7-form-control-wrap\" data-name=\"your-message\"><textarea cols=\"40\" rows=\"10\" maxlength=\"2000\" class=\"wpcf7-form-control wpcf7-textarea\" aria-invalid=\"false\" placeholder=\"VIESTI\" name=\"your-message\"><\/textarea><\/span>\n<\/p>\n<p><input class=\"wpcf7-form-control wpcf7-submit has-spinner\" type=\"submit\" value=\"L\u00e4hett\u00e4\u00e4\" \/>\n<\/p><input type='hidden' class='wpcf7-pum' value='{\"closepopup\":false,\"closedelay\":0,\"openpopup\":false,\"openpopup_id\":0}' \/><div class=\"wpcf7-response-output\" aria-hidden=\"true\"><\/div>\n<\/form>\n<\/div>\n\n<\/section>\n<section>\n        Haluatko j\u00e4rjest\u00e4\u00e4 ikimuistoiset polttarit?\n        <p>Lis\u00e4palveluistamme l\u00f6yd\u00e4t seksikk\u00e4it\u00e4 yll\u00e4tyksi\u00e4 sulhaselle ja polttarivieraille ehdottoman mieliinpainuvia polttareita varten!<\/p>\n        <a href=\"http:\/\/www.thescore.ee\/lisateenused\/\"><button>L\u00f6yd\u00e4 lis\u00e4palveluista<\/button><\/a>\n<\/section>\n","protected":false},"excerpt":{"rendered":"<p>LIPPU: 10\u20ac P\u00c4IV\u00c4LL\u00c4, 15\u20ac ILLALLA \u2022 AVOINNA: JOKA P\u00c4IV\u00c4 24H \u2022 OSOITE: VANA-VIRU 14, TALLINN Polttarit sulhaselle tallinnassa Ikimuistoiset polttarit sulhaselle The Scoressa Onko suunnitelmissa j\u00e4rjest\u00e4\u00e4 polttarit tulevan sulhasen viimeisen vapaan illan juhlistamiseksi? Polttarit seksikk\u00e4ine tanssijoineen ovat klassikko. The Score sijaitsee aivan Vanhankaupungin tuntumassa, ja meill\u00e4 on kaupungin parhaat eroottiset tanssijat. The Scoressa on my\u00f6s&hellip;<\/p>\n","protected":false},"author":1,"featured_media":418,"parent":0,"menu_order":0,"comment_status":"closed","ping_status":"closed","template":"","meta":{"footnotes":""},"class_list":["post-567","page","type-page","status-publish","has-post-thumbnail","hentry"],"acf":[],"_links":{"self":[{"href":"https:\/\/www.thescore.ee\/fi\/wp-json\/wp\/v2\/pages\/567","targetHints":{"allow":["GET"]}}],"collection":[{"href":"https:\/\/www.thescore.ee\/fi\/wp-json\/wp\/v2\/pages"}],"about":[{"href":"https:\/\/www.thescore.ee\/fi\/wp-json\/wp\/v2\/types\/page"}],"author":[{"embeddable":true,"href":"https:\/\/www.thescore.ee\/fi\/wp-json\/wp\/v2\/users\/1"}],"replies":[{"embeddable":true,"href":"https:\/\/www.thescore.ee\/fi\/wp-json\/wp\/v2\/comments?post=567"}],"version-history":[{"count":5,"href":"https:\/\/www.thescore.ee\/fi\/wp-json\/wp\/v2\/pages\/567\/revisions"}],"predecessor-version":[{"id":8039,"href":"https:\/\/www.thescore.ee\/fi\/wp-json\/wp\/v2\/pages\/567\/revisions\/8039"}],"wp:featuredmedia":[{"embeddable":true,"href":"https:\/\/www.thescore.ee\/fi\/wp-json\/wp\/v2\/media\/418"}],"wp:attachment":[{"href":"https:\/\/www.thescore.ee\/fi\/wp-json\/wp\/v2\/media?parent=567"}],"curies":[{"name":"wp","href":"https:\/\/api.w.org\/{rel}","templated":true}]}}