{"id":578,"date":"2020-07-03T10:23:01","date_gmt":"2020-07-03T10:23:01","guid":{"rendered":"https:\/\/www.thescore.ee\/polttarit-tytoille\/"},"modified":"2020-10-12T08:40:24","modified_gmt":"2020-10-12T08:40:24","slug":"polttarit-tytoille","status":"publish","type":"page","link":"https:\/\/www.thescore.ee\/fi\/polttarit-tytoille\/","title":{"rendered":"Polttarit morsiamelle Tallinnassa"},"content":{"rendered":"\n                PILET:\n                5\u20ac P\u00c4EVAL, 10\u20ac \u00d5HTUL\n        \u2022\n                AVATUD:\n                24H IGA P\u00c4EV\n        \u2022\n                ASUKOHT:\n                VANA-VIRU 14, TALLINN\n\t<section>\n    <h1>Polttarit morsiamelle Tallinnassa<\/h1>\n    Mieliinpainuvat polttarit morsiamelle klubissa The Score Tallinn\n    \n        Onko suunnitelmissa j\u00e4rjest\u00e4\u00e4 polttarit tulevan morsiamen viimeisen vapaan illan juhlistamiseksi? Strippiklubi osana polttareita on jo miltei klassikko. The Score l\u00f6ytyy aivan Tallinnan ydinkeskustasta ihan Vanhankaupungin tuntumasta. Klubissa on kaupungin parhaat ja kuumimmat miestanssijat. Tilaa seksikk\u00e4\u00e4n miestanssijan eroottinen show morsiamelle. Morsian voi my\u00f6s itse kokeilla tankotanssia. Todella villej\u00e4 iltoja varten suosittelemme lis\u00e4palveluja, kuten vaikkapa privaattishow tai strippausillallinen. \n        \n        Autamme mielell\u00e4mme todella ikimuistoisten polttareiden j\u00e4rjest\u00e4misess\u00e4 ja ideoinnissa. Kysy rohkeasti ja autamme aina mahdollisuuksien mukaan. J\u00e4rjest\u00e4 kaverille ikimuistoinen ilta, joka pysyy mieless\u00e4 viel\u00e4 pitk\u00e4\u00e4n!\n    \n    <h2>SAUNAILTA JA POLTTARIT<\/h2>\n    \n        Tyylik\u00e4s saunamme on Tallinnan parhaimmistoa, eik\u00e4 vain sijaintinsa puolesta. Saunaillan j\u00e4lkeen iltaa on helppo jatkaa y\u00f6kerhossa. Kahdessa kerroksessa on riitt\u00e4v\u00e4sti tilaa jopa 20 saunojalle ja my\u00f6s pelien pelaamiseen.\n\n\nJ\u00e4rjest\u00e4mme tarvittaessa nopeasti my\u00f6s limusiinikuljetuksen jatkoille tai seksikk\u00e4\u00e4n miestanssijan eroottisen show\u2019n. Show\u2019ta voi katsella my\u00f6s porealtaassa.\n    \n<a href=\"https:\/\/www.thescore.ee\/wp-content\/uploads\/2020\/08\/PHOTO-2020-01-30-13-28-30.jpg\" target=\"_blank\" rel=\"noopener noreferrer\">Katso kuvat<\/a>\n<\/section>\n\t<link rel=\"stylesheet\" id=\"font-awesome-5-css\" href=\"http:\/\/www.thescore.ee\/wp-content\/plugins\/bb-plugin\/fonts\/fontawesome\/5.13.0\/css\/all.min.css?ver=2.3.2.5\" media=\"all\">\n<section>\n                        Millaisia lis\u00e4palveluja voin tilata morsiamelle?\n                        Polttareiden lis\u00e4palvelut: limusiinin vuokraus, saunan vuokraus, strippausillallinen, naked tequila shotit, watershow ja tietysti mies- ja naistanssijoiden striptease show. Ota yhteytt\u00e4, niin autamme j\u00e4rjest\u00e4m\u00e4\u00e4n morsiamelle ikimuistoiset polttarit!\n                        \n                        Teemabileet\n                        J\u00e4rjest\u00e4mme my\u00f6s erilaiset teemabileet polttareita varten. Jos sinulla on idea, kysy reippaasti ja l\u00f6yd\u00e4mme yhdess\u00e4 parhaan toteutustavan!\n                        \n                        Onko klubissa vain naistanssijoita?\n                        Ei, meill\u00e4 on my\u00f6s miestanssijoita! Meill\u00e4 on kaupungin upeimmat ja parhaimmat miestanssijat!\n                        \n                        Onko klubissa ravintola?\n                        The Score Tallinn ei ole ravintola, mutta pienemp\u00e4\u00e4 sy\u00f6t\u00e4v\u00e4\u00e4 voi tilata samassa rakennuksessa sijaitsevasta Arena 14 -baarista.\n                        \n            Varata tapaaminen\n            \n<div class=\"wpcf7 no-js\" id=\"wpcf7-f569-o1\" lang=\"fi\" dir=\"ltr\" data-wpcf7-id=\"569\">\n<div class=\"screen-reader-response\"><p role=\"status\" aria-live=\"polite\" aria-atomic=\"true\"><\/p> <ul><\/ul><\/div>\n<form action=\"\/fi\/wp-json\/wp\/v2\/pages\/578#wpcf7-f569-o1\" method=\"post\" class=\"wpcf7-form init\" aria-label=\"Yhteydenottolomake\" novalidate=\"novalidate\" data-status=\"init\">\n<fieldset class=\"hidden-fields-container\"><input type=\"hidden\" name=\"_wpcf7\" value=\"569\" \/><input type=\"hidden\" name=\"_wpcf7_version\" value=\"6.1.1\" \/><input type=\"hidden\" name=\"_wpcf7_locale\" value=\"fi\" \/><input type=\"hidden\" name=\"_wpcf7_unit_tag\" value=\"wpcf7-f569-o1\" \/><input type=\"hidden\" name=\"_wpcf7_container_post\" value=\"0\" \/><input type=\"hidden\" name=\"_wpcf7_posted_data_hash\" value=\"\" \/><input type=\"hidden\" name=\"_wpcf7_recaptcha_response\" value=\"\" \/>\n<\/fieldset>\n<p><span class=\"wpcf7-form-control-wrap\" data-name=\"your-name\"><input size=\"40\" maxlength=\"400\" class=\"wpcf7-form-control wpcf7-text wpcf7-validates-as-required\" aria-required=\"true\" aria-invalid=\"false\" placeholder=\"NIMI\" value=\"\" type=\"text\" name=\"your-name\" \/><\/span>\n<\/p>\n<p><span class=\"wpcf7-form-control-wrap\" data-name=\"your-email\"><input size=\"40\" maxlength=\"400\" class=\"wpcf7-form-control wpcf7-email wpcf7-validates-as-required wpcf7-text wpcf7-validates-as-email\" aria-required=\"true\" aria-invalid=\"false\" placeholder=\"S\u00c4HK\u00d6POSTISI\" value=\"\" type=\"email\" name=\"your-email\" \/><\/span>\n<\/p>\n<p><span class=\"wpcf7-form-control-wrap\" data-name=\"your-subject\"><input size=\"40\" maxlength=\"400\" class=\"wpcf7-form-control wpcf7-text\" aria-invalid=\"false\" placeholder=\"AIHE\" value=\"\" type=\"text\" name=\"your-subject\" \/><\/span>\n<\/p>\n<p><span class=\"wpcf7-form-control-wrap\" data-name=\"your-message\"><textarea cols=\"40\" rows=\"10\" maxlength=\"2000\" class=\"wpcf7-form-control wpcf7-textarea\" aria-invalid=\"false\" placeholder=\"VIESTI\" name=\"your-message\"><\/textarea><\/span>\n<\/p>\n<p><input class=\"wpcf7-form-control wpcf7-submit has-spinner\" type=\"submit\" value=\"L\u00e4hett\u00e4\u00e4\" \/>\n<\/p><input type='hidden' class='wpcf7-pum' value='{\"closepopup\":false,\"closedelay\":0,\"openpopup\":false,\"openpopup_id\":0}' \/><div class=\"wpcf7-response-output\" aria-hidden=\"true\"><\/div>\n<\/form>\n<\/div>\n\n<\/section>\n<section>\n        Suunnitteletko ikimuistosia polttareita morsiamelle?\n        <p>Lis\u00e4palveluistamme l\u00f6yd\u00e4t seksikk\u00e4\u00e4t yll\u00e4tykset morsiamelle ja polttarivieraille ehdottoman mieliinpainuvia polttareita varten!<\/p>\n        <a href=\"\/fi\/lisapalvelut\/\"><button>L\u00f6yda lis\u00e4palveluista<\/button><\/a>\n<\/section>\n<section>\n                    <a href=\"\/fi\/polttarit-klubissa-thescore\/\">\n            Poikamiesilta\n                    <\/a>\n                                        <a href=\"\/fi\/syntymapaivajuhlat-tallinnassa\/\">\n            Syntym\u00e4p\u00e4iv\u00e4juhlat\n        <\/a>\n                    <a href=\"\/fi\/yritysjuhlat-tallinnassa\/\">\n            Yritysjuhlat\n                    <\/a>\n                    <a href=\"\/fi\/galleria\/\">\n            Galleria\n                    <\/a>\n<\/section>\n","protected":false},"excerpt":{"rendered":"<p>PILET: 5\u20ac P\u00c4EVAL, 10\u20ac \u00d5HTUL \u2022 AVATUD: 24H IGA P\u00c4EV \u2022 ASUKOHT: VANA-VIRU 14, TALLINN Polttarit morsiamelle Tallinnassa Mieliinpainuvat polttarit morsiamelle klubissa The Score Tallinn Onko suunnitelmissa j\u00e4rjest\u00e4\u00e4 polttarit tulevan morsiamen viimeisen vapaan illan juhlistamiseksi? Strippiklubi osana polttareita on jo miltei klassikko. The Score l\u00f6ytyy aivan Tallinnan ydinkeskustasta ihan Vanhankaupungin tuntumasta. Klubissa on kaupungin parhaat&hellip;<\/p>\n","protected":false},"author":1,"featured_media":424,"parent":0,"menu_order":0,"comment_status":"closed","ping_status":"closed","template":"","meta":{"footnotes":""},"class_list":["post-578","page","type-page","status-publish","has-post-thumbnail","hentry"],"acf":[],"_links":{"self":[{"href":"https:\/\/www.thescore.ee\/fi\/wp-json\/wp\/v2\/pages\/578","targetHints":{"allow":["GET"]}}],"collection":[{"href":"https:\/\/www.thescore.ee\/fi\/wp-json\/wp\/v2\/pages"}],"about":[{"href":"https:\/\/www.thescore.ee\/fi\/wp-json\/wp\/v2\/types\/page"}],"author":[{"embeddable":true,"href":"https:\/\/www.thescore.ee\/fi\/wp-json\/wp\/v2\/users\/1"}],"replies":[{"embeddable":true,"href":"https:\/\/www.thescore.ee\/fi\/wp-json\/wp\/v2\/comments?post=578"}],"version-history":[{"count":4,"href":"https:\/\/www.thescore.ee\/fi\/wp-json\/wp\/v2\/pages\/578\/revisions"}],"predecessor-version":[{"id":1973,"href":"https:\/\/www.thescore.ee\/fi\/wp-json\/wp\/v2\/pages\/578\/revisions\/1973"}],"wp:featuredmedia":[{"embeddable":true,"href":"https:\/\/www.thescore.ee\/fi\/wp-json\/wp\/v2\/media\/424"}],"wp:attachment":[{"href":"https:\/\/www.thescore.ee\/fi\/wp-json\/wp\/v2\/media?parent=578"}],"curies":[{"name":"wp","href":"https:\/\/api.w.org\/{rel}","templated":true}]}}