{"id":585,"date":"2020-07-03T10:39:02","date_gmt":"2020-07-03T10:39:02","guid":{"rendered":"https:\/\/www.thescore.ee\/yritysjuhlat-tallinnassa\/"},"modified":"2020-10-12T10:10:55","modified_gmt":"2020-10-12T10:10:55","slug":"yritysjuhlat-tallinnassa","status":"publish","type":"page","link":"https:\/\/www.thescore.ee\/fi\/yritysjuhlat-tallinnassa\/","title":{"rendered":"Yritystilaisuudet Tallinnassa"},"content":{"rendered":"\n                PILET:\n                5\u20ac P\u00c4EVAL, 10\u20ac \u00d5HTUL\n        \u2022\n                AVATUD:\n                24H IGA P\u00c4EV\n        \u2022\n                ASUKOHT:\n                VANA-VIRU 14, TALLINN\n\t<section>\n    <h1>Yritystilaisuudet tallinnassa<\/h1>\n    J\u00e4rjest\u00e4 ty\u00f6paikan parhaat bileet meill\u00e4\n    \n        Jos etsit paikkaa yrityksesi tilaisuudelle Tallinnassa, se l\u00f6ytyy varmasti meilt\u00e4.\n    \n    <h2>VUOKRAA SAUNA YRITYKSESI K\u00c4YTT\u00d6\u00d6N<\/h2>\n    \n        Saunatiloihimme mahtuu jopa 20 henkil\u00f6n seurue. Kahdessa kerroksessa sijaitsevissa saunatiloissa on my\u00f6s poreallas ja baaritiski. Tilaa riitt\u00e4\u00e4 my\u00f6s kaikenlaisten pelien ja kilpailujen j\u00e4rjest\u00e4miseen.\n    \n\nMolemmissa kerroksissa on my\u00f6s suuret n\u00e4yt\u00f6t urheilun yst\u00e4ville kylm\u00e4n oluen tai siiderin kera.\n\n\nVIP-saunamme sopii erinomaisesti pienemmille ty\u00f6porukoille (10\u201312 henkil\u00f6\u00e4). VIP-saunassa on saunan lis\u00e4ksi my\u00f6s mukavat oleskelutilat ja tietysti poreallas.\n\n\nIltaa voi jatkaa helposti viel\u00e4 saunomisen j\u00e4lkeenkin. Tallinnan suosituimmat y\u00f6kerhot ovat vain muutaman minuutin k\u00e4velymatkan p\u00e4\u00e4ss\u00e4 y\u00f6kerhostamme. Rohkeimmat voivat jatkaa iltaa my\u00f6s samassa rakennuksessa sijaitsevassa erotic loungessa tai jalkapalloloungessa.\n\n\nTarvittaessa j\u00e4rjest\u00e4mme ilmaisen sis\u00e4\u00e4np\u00e4\u00e4syn my\u00f6s samassa rakennuksessa sijaitsevaan Venus-y\u00f6kerhoon. J\u00e4rjest\u00e4 yrityksesi juhlat meill\u00e4.\n\n<a href=\"\/fi\/vuokraa-sauna-tallinnassa\/\">Tarkista sauna<\/a>\n<\/section>\n\t<link rel=\"stylesheet\" id=\"font-awesome-5-css\" href=\"http:\/\/www.thescore.ee\/wp-content\/plugins\/bb-plugin\/fonts\/fontawesome\/5.13.0\/css\/all.min.css?ver=2.3.2.5\" media=\"all\">\n<section>\n                        Tilaisuuksien ruokatarjoilut\n                        Saunassa j\u00e4rjestett\u00e4viin yritystilaisuuksiin ei saa tuoda omia juomia eik\u00e4 ruokia. VIP-saunaan voi tuoda omat juomat, muttei ruokia. Pienemp\u00e4\u00e4 sy\u00f6t\u00e4v\u00e4\u00e4 voi tilata viereisest\u00e4 Arena 14 -baarista tai ruokatarjoilun voi tilata etuk\u00e4teen saunaa varattaessa.\n                        \n                        Teemabileet\n                        Kyll\u00e4, j\u00e4rjest\u00e4mme my\u00f6s teemajuhlat. Jos sinulla on idea, kysy reippaasti ja l\u00f6yd\u00e4mme yhdess\u00e4 parhaan toteutustavan!\n                        \n                        Kuinka paljon saunan vuokraaminen maksaa?\n                        Saunaklubin tuntihinta on 50 euroa, joka sis\u00e4lt\u00e4\u00e4 tilojen k\u00e4yt\u00f6n molemmissa kerroksissa vain omalle seurueelle. Sauna tulee vuokrata v\u00e4hint\u00e4\u00e4n kahdeksi tunniksi. VIP-saunan hinnat ovat samat.\n\n                        Kuinka suurelle seurueelle tilat sopivat?\n                        Saunamme sopii enint\u00e4\u00e4n 20 henkil\u00f6n seurueelle. Jos ty\u00f6porukka on pieni, paras vaihtoehto on VIP-saunamme, johon mahtuu hyvin 10\u201312 henkil\u00f6\u00e4.\n            Varata tapaaminen\n            \n<div class=\"wpcf7 no-js\" id=\"wpcf7-f569-o1\" lang=\"fi\" dir=\"ltr\" data-wpcf7-id=\"569\">\n<div class=\"screen-reader-response\"><p role=\"status\" aria-live=\"polite\" aria-atomic=\"true\"><\/p> <ul><\/ul><\/div>\n<form action=\"\/fi\/wp-json\/wp\/v2\/pages\/585#wpcf7-f569-o1\" method=\"post\" class=\"wpcf7-form init\" aria-label=\"Yhteydenottolomake\" novalidate=\"novalidate\" data-status=\"init\">\n<fieldset class=\"hidden-fields-container\"><input type=\"hidden\" name=\"_wpcf7\" value=\"569\" \/><input type=\"hidden\" name=\"_wpcf7_version\" value=\"6.1.1\" \/><input type=\"hidden\" name=\"_wpcf7_locale\" value=\"fi\" \/><input type=\"hidden\" name=\"_wpcf7_unit_tag\" value=\"wpcf7-f569-o1\" \/><input type=\"hidden\" name=\"_wpcf7_container_post\" value=\"0\" \/><input type=\"hidden\" name=\"_wpcf7_posted_data_hash\" value=\"\" \/><input type=\"hidden\" name=\"_wpcf7_recaptcha_response\" value=\"\" \/>\n<\/fieldset>\n<p><span class=\"wpcf7-form-control-wrap\" data-name=\"your-name\"><input size=\"40\" maxlength=\"400\" class=\"wpcf7-form-control wpcf7-text wpcf7-validates-as-required\" aria-required=\"true\" aria-invalid=\"false\" placeholder=\"NIMI\" value=\"\" type=\"text\" name=\"your-name\" \/><\/span>\n<\/p>\n<p><span class=\"wpcf7-form-control-wrap\" data-name=\"your-email\"><input size=\"40\" maxlength=\"400\" class=\"wpcf7-form-control wpcf7-email wpcf7-validates-as-required wpcf7-text wpcf7-validates-as-email\" aria-required=\"true\" aria-invalid=\"false\" placeholder=\"S\u00c4HK\u00d6POSTISI\" value=\"\" type=\"email\" name=\"your-email\" \/><\/span>\n<\/p>\n<p><span class=\"wpcf7-form-control-wrap\" data-name=\"your-subject\"><input size=\"40\" maxlength=\"400\" class=\"wpcf7-form-control wpcf7-text\" aria-invalid=\"false\" placeholder=\"AIHE\" value=\"\" type=\"text\" name=\"your-subject\" \/><\/span>\n<\/p>\n<p><span class=\"wpcf7-form-control-wrap\" data-name=\"your-message\"><textarea cols=\"40\" rows=\"10\" maxlength=\"2000\" class=\"wpcf7-form-control wpcf7-textarea\" aria-invalid=\"false\" placeholder=\"VIESTI\" name=\"your-message\"><\/textarea><\/span>\n<\/p>\n<p><input class=\"wpcf7-form-control wpcf7-submit has-spinner\" type=\"submit\" value=\"L\u00e4hett\u00e4\u00e4\" \/>\n<\/p><input type='hidden' class='wpcf7-pum' value='{\"closepopup\":false,\"closedelay\":0,\"openpopup\":false,\"openpopup_id\":0}' \/><div class=\"wpcf7-response-output\" aria-hidden=\"true\"><\/div>\n<\/form>\n<\/div>\n\n<\/section>\n<section>\n        Ikimuistoiset yritysbileet?\n        <p>Ota yhteytt\u00e4 ja autamme suunnittelemaan todella onnistuneen tilaisuuden yrityksellesi!<\/p>\n        <a href=\"\/fi\/yhteystiedot\/\"><button>Olla yhteydess\u00e4<\/button><\/a>\n<\/section>\n<section>\n                    <a href=\"\/fi\/polttarit-tytoille\/\">\n            Tytt\u00f6jen ilta\n                    <\/a>\n                                        <a href=\"\/fi\/syntymapaivajuhlat-tallinnassa\/\">\n            Syntym\u00e4p\u00e4iv\u00e4juhlat\n        <\/a>\n                    <a href=\"\/fi\/polttarit-klubissa-thescore\/\">\n            Poikamiesilta\n                    <\/a>\n                    <a href=\"\/fi\/galleria\/\">\n            Galleria\n                    <\/a>\n<\/section>\n","protected":false},"excerpt":{"rendered":"<p>PILET: 5\u20ac P\u00c4EVAL, 10\u20ac \u00d5HTUL \u2022 AVATUD: 24H IGA P\u00c4EV \u2022 ASUKOHT: VANA-VIRU 14, TALLINN Yritystilaisuudet tallinnassa J\u00e4rjest\u00e4 ty\u00f6paikan parhaat bileet meill\u00e4 Jos etsit paikkaa yrityksesi tilaisuudelle Tallinnassa, se l\u00f6ytyy varmasti meilt\u00e4. VUOKRAA SAUNA YRITYKSESI K\u00c4YTT\u00d6\u00d6N Saunatiloihimme mahtuu jopa 20 henkil\u00f6n seurue. Kahdessa kerroksessa sijaitsevissa saunatiloissa on my\u00f6s poreallas ja baaritiski. Tilaa riitt\u00e4\u00e4 my\u00f6s kaikenlaisten&hellip;<\/p>\n","protected":false},"author":1,"featured_media":400,"parent":0,"menu_order":0,"comment_status":"closed","ping_status":"closed","template":"","meta":{"footnotes":""},"class_list":["post-585","page","type-page","status-publish","has-post-thumbnail","hentry"],"acf":[],"_links":{"self":[{"href":"https:\/\/www.thescore.ee\/fi\/wp-json\/wp\/v2\/pages\/585","targetHints":{"allow":["GET"]}}],"collection":[{"href":"https:\/\/www.thescore.ee\/fi\/wp-json\/wp\/v2\/pages"}],"about":[{"href":"https:\/\/www.thescore.ee\/fi\/wp-json\/wp\/v2\/types\/page"}],"author":[{"embeddable":true,"href":"https:\/\/www.thescore.ee\/fi\/wp-json\/wp\/v2\/users\/1"}],"replies":[{"embeddable":true,"href":"https:\/\/www.thescore.ee\/fi\/wp-json\/wp\/v2\/comments?post=585"}],"version-history":[{"count":4,"href":"https:\/\/www.thescore.ee\/fi\/wp-json\/wp\/v2\/pages\/585\/revisions"}],"predecessor-version":[{"id":1979,"href":"https:\/\/www.thescore.ee\/fi\/wp-json\/wp\/v2\/pages\/585\/revisions\/1979"}],"wp:featuredmedia":[{"embeddable":true,"href":"https:\/\/www.thescore.ee\/fi\/wp-json\/wp\/v2\/media\/400"}],"wp:attachment":[{"href":"https:\/\/www.thescore.ee\/fi\/wp-json\/wp\/v2\/media?parent=585"}],"curies":[{"name":"wp","href":"https:\/\/api.w.org\/{rel}","templated":true}]}}