{"id":589,"date":"2020-07-03T10:55:26","date_gmt":"2020-07-03T10:55:26","guid":{"rendered":"https:\/\/www.thescore.ee\/lisapalvelut\/"},"modified":"2020-10-13T10:43:26","modified_gmt":"2020-10-13T10:43:26","slug":"lisapalvelut","status":"publish","type":"page","link":"https:\/\/www.thescore.ee\/fi\/lisapalvelut\/","title":{"rendered":"Lis\u00e4palvelut"},"content":{"rendered":"\n                PILET:\n                5\u20ac P\u00c4EVAL, 10\u20ac \u00d5HTUL\n        \u2022\n                AVATUD:\n                24H IGA P\u00c4EV\n        \u2022\n                ASUKOHT:\n                VANA-VIRU 14, TALLINN\n\t<section>\n    <h1>LIS\u00c4PALVELUT<\/h1>\n    \n        T\u00e4lt\u00e4 sivustolta l\u00f6ydyt\u00e4 useita seksikk\u00e4it\u00e4 show-esityksi\u00e4 ja palveluja, jotka eiv\u00e4t varmasti j\u00e4t\u00e4 ket\u00e4\u00e4n kylm\u00e4ksi. Vie ilta aivan uudelle tasolle tai yll\u00e4t\u00e4 kaverisi tilaamalla yll\u00e4tys syntt\u00e4reille tai polttareihin.\n \n<\/section>\n<section>\n            Watershow\n        \n            Watershow on kuuman seksik\u00e4s vesishow. Show\u2019n voi tilata joko yhdelle tai koko seurueelle. Upea lis\u00e4 tilaisuuteen kuin tilaisuuteen. M\u00e4r\u00e4t t-paidat, upeat alusasut tai m\u00e4rk\u00e4 privaattitanssiesitys nostaa l\u00e4mp\u00f6tilan kattoon. Kysy, ja saat varmasti todellisen show\u2019n.\n        \n            Naked Tequila Shotit\n        Kylm\u00e4t tequila shotit sitruunan ja suolan kera suoraan naisen iholta nautittuna. Todella n\u00e4ytt\u00e4v\u00e4 ja unohtumaton show kaikkiin tilaisuuksiin The Score klubissa. Tequilan sijasta shotit voidaan tehd\u00e4 my\u00f6s muista alkoholijuomista.\n        \n            LIMUSIINI JA TANSSIJAT\n        Lahjoita unohtumaton ilta itsellesi tai kavereillesi. Vuokraa limusiini tanssijoineen, ja saavu bileisiin todella n\u00e4ytt\u00e4v\u00e4sti. Mukava limusiini, kauniit tanssijat ja kuohari on kaikki, mit\u00e4 tarvitaan. Limusiinin vuokraaminen yhdess\u00e4 stripteasen kanssa on suosituimpia polttareiden ohjelmanumeroita! Limusiinin voi vuokrata sek\u00e4 mies- ett\u00e4 naistanssijoilla!\n        \n            STRIPPAUSILLALLINEN\n        \n            J\u00e4rjest\u00e4mme my\u00f6s strippausillallisia. Kuvittele, ett\u00e4 suosikkiherkkusi tarjoillaan superseksikk\u00e4\u00e4lt\u00e4 ja kiinte\u00e4lt\u00e4 vartalolta. Herkullinen ajatus, vai mit\u00e4? Strippausillallinen sopii erityisesti polttareihin, mutta my\u00f6s syntym\u00e4p\u00e4iv\u00e4sankarille. Ota yhteytt\u00e4 ja t\u00e4yt\u00e4mme toiveesi!\n        \n            SHOW STRIPTEASE\n        <p>Haluatko nostaa tunnelman kattoon? Tilaa show striptease! Tanssijamme ovat ehdottomasti kaupungin parhaimmistoa ja nostavat tunnelman aivan uusiin korkeuksiin! Striptease show\u2019n voi tilata sek\u00e4 mies- ett\u00e4 naistanssijoilla, yksityisen\u00e4 vain sinulle tai koko seurueelle!<\/p>\n            LAHJAKORTIT\n        Etsitk\u00f6 erikoista syntt\u00e4rilahjaa tai et ole aivan varma siit\u00e4, mit\u00e4 antaisit lahjaksi? Ongelma hoidettu. Anna lahjaksi lahjakortti! Lahjakortin voi noutaa tai tilata sopivaan osoitteeseen. Voit valita lahjakortin summan itse, mutta lahjakorttien v\u00e4himm\u00e4isarvo on 50 \u20ac.\n        \n<\/section>\n<section>\n        J\u00e4rjest\u00e4 omat bileet\n        <p>Autamme toteuttamaan polttarit, syntt\u00e4rit ja yritysten tilaisuudet<\/p>\n        <p>Vip-sauna alkaen 50 euroa \/ tunti<\/p>\n        <a href=\"\/fi\/yhteystiedot\/\"><button>Ota yhteytt\u00e4<\/button><\/a>\n<\/section>\n","protected":false},"excerpt":{"rendered":"<p>PILET: 5\u20ac P\u00c4EVAL, 10\u20ac \u00d5HTUL \u2022 AVATUD: 24H IGA P\u00c4EV \u2022 ASUKOHT: VANA-VIRU 14, TALLINN LIS\u00c4PALVELUT T\u00e4lt\u00e4 sivustolta l\u00f6ydyt\u00e4 useita seksikk\u00e4it\u00e4 show-esityksi\u00e4 ja palveluja, jotka eiv\u00e4t varmasti j\u00e4t\u00e4 ket\u00e4\u00e4n kylm\u00e4ksi. Vie ilta aivan uudelle tasolle tai yll\u00e4t\u00e4 kaverisi tilaamalla yll\u00e4tys syntt\u00e4reille tai polttareihin. Watershow Watershow on kuuman seksik\u00e4s vesishow. Show\u2019n voi tilata joko yhdelle tai&hellip;<\/p>\n","protected":false},"author":1,"featured_media":669,"parent":0,"menu_order":0,"comment_status":"closed","ping_status":"closed","template":"","meta":{"footnotes":""},"class_list":["post-589","page","type-page","status-publish","has-post-thumbnail","hentry"],"acf":[],"_links":{"self":[{"href":"https:\/\/www.thescore.ee\/fi\/wp-json\/wp\/v2\/pages\/589","targetHints":{"allow":["GET"]}}],"collection":[{"href":"https:\/\/www.thescore.ee\/fi\/wp-json\/wp\/v2\/pages"}],"about":[{"href":"https:\/\/www.thescore.ee\/fi\/wp-json\/wp\/v2\/types\/page"}],"author":[{"embeddable":true,"href":"https:\/\/www.thescore.ee\/fi\/wp-json\/wp\/v2\/users\/1"}],"replies":[{"embeddable":true,"href":"https:\/\/www.thescore.ee\/fi\/wp-json\/wp\/v2\/comments?post=589"}],"version-history":[{"count":1,"href":"https:\/\/www.thescore.ee\/fi\/wp-json\/wp\/v2\/pages\/589\/revisions"}],"predecessor-version":[{"id":1981,"href":"https:\/\/www.thescore.ee\/fi\/wp-json\/wp\/v2\/pages\/589\/revisions\/1981"}],"wp:featuredmedia":[{"embeddable":true,"href":"https:\/\/www.thescore.ee\/fi\/wp-json\/wp\/v2\/media\/669"}],"wp:attachment":[{"href":"https:\/\/www.thescore.ee\/fi\/wp-json\/wp\/v2\/media?parent=589"}],"curies":[{"name":"wp","href":"https:\/\/api.w.org\/{rel}","templated":true}]}}