{"id":606,"date":"2020-07-03T11:40:49","date_gmt":"2020-07-03T11:40:49","guid":{"rendered":"https:\/\/www.thescore.ee\/galleria\/"},"modified":"2020-07-03T13:15:26","modified_gmt":"2020-07-03T13:15:26","slug":"galleria","status":"publish","type":"page","link":"https:\/\/www.thescore.ee\/fi\/galleria\/","title":{"rendered":"Galleria"},"content":{"rendered":"\n                LIPPU:\n                5\u20ac P\u00c4IV\u00c4LL\u00c4, 10\u20ac ILLALLA\n        \u2022\n                AVOINNA: \n                JOKA P\u00c4IV\u00c4 24H\n        \u2022\n                OSOITE:\n                VANA-VIRU 14, TALLINN\n\t<section>\n    <h1>GAlLERIA<\/h1>\n<\/section>\n\t<section>\n        j\u00e4rjest\u00e4 mieleenpainuva tapahtuma kanssamme\n        <p>Autamme j\u00e4rjest\u00e4m\u00e4\u00e4n poikien ja tytt\u00f6jen tapahtumia, syntym\u00e4p\u00e4ivi\u00e4, yritystoimintaa!<\/p>\n        <p>saunavuokra alkaen 50 eur \/ tunti<\/p>\n        <a href=\"\/fi\/yhteystiedot\/\"><button>olla yhteydess\u00e4<\/button><\/a>\n<\/section>\n<section>\n                    <a href=\"\/fi\/lisapalvelut\/\">\n            Lis\u00e4palvelut\n                    <\/a>\n                                        <a href=\"\/fi\/vuokraa-sauna-tallinnassa\/\">\n            Vuokraa sauna\n        <\/a>\n                    <a href=\"\/fi\/yhteystiedot\/\">\n            Yhteystiedot\n                    <\/a>\n                    <a href=\"\/fi\/polttarit-klubissa-thescore\/\">\n            Tapahtumat\n                    <\/a>\n<\/section>\n","protected":false},"excerpt":{"rendered":"<p>LIPPU: 5\u20ac P\u00c4IV\u00c4LL\u00c4, 10\u20ac ILLALLA \u2022 AVOINNA: JOKA P\u00c4IV\u00c4 24H \u2022 OSOITE: VANA-VIRU 14, TALLINN GAlLERIA j\u00e4rjest\u00e4 mieleenpainuva tapahtuma kanssamme Autamme j\u00e4rjest\u00e4m\u00e4\u00e4n poikien ja tytt\u00f6jen tapahtumia, syntym\u00e4p\u00e4ivi\u00e4, yritystoimintaa! saunavuokra alkaen 50 eur \/ tunti olla yhteydess\u00e4 Lis\u00e4palvelut Vuokraa sauna Yhteystiedot Tapahtumat<\/p>\n","protected":false},"author":1,"featured_media":433,"parent":0,"menu_order":0,"comment_status":"closed","ping_status":"closed","template":"","meta":{"footnotes":""},"class_list":["post-606","page","type-page","status-publish","has-post-thumbnail","hentry"],"acf":[],"_links":{"self":[{"href":"https:\/\/www.thescore.ee\/fi\/wp-json\/wp\/v2\/pages\/606","targetHints":{"allow":["GET"]}}],"collection":[{"href":"https:\/\/www.thescore.ee\/fi\/wp-json\/wp\/v2\/pages"}],"about":[{"href":"https:\/\/www.thescore.ee\/fi\/wp-json\/wp\/v2\/types\/page"}],"author":[{"embeddable":true,"href":"https:\/\/www.thescore.ee\/fi\/wp-json\/wp\/v2\/users\/1"}],"replies":[{"embeddable":true,"href":"https:\/\/www.thescore.ee\/fi\/wp-json\/wp\/v2\/comments?post=606"}],"version-history":[{"count":2,"href":"https:\/\/www.thescore.ee\/fi\/wp-json\/wp\/v2\/pages\/606\/revisions"}],"predecessor-version":[{"id":660,"href":"https:\/\/www.thescore.ee\/fi\/wp-json\/wp\/v2\/pages\/606\/revisions\/660"}],"wp:featuredmedia":[{"embeddable":true,"href":"https:\/\/www.thescore.ee\/fi\/wp-json\/wp\/v2\/media\/433"}],"wp:attachment":[{"href":"https:\/\/www.thescore.ee\/fi\/wp-json\/wp\/v2\/media?parent=606"}],"curies":[{"name":"wp","href":"https:\/\/api.w.org\/{rel}","templated":true}]}}