{"id":633,"date":"2020-07-03T11:59:42","date_gmt":"2020-07-03T11:59:42","guid":{"rendered":"https:\/\/www.thescore.ee\/eroticeskij-klub-v-tallinne\/"},"modified":"2024-10-07T06:42:07","modified_gmt":"2024-10-07T06:42:07","slug":"eroticeskij-klub-v-tallinne","status":"publish","type":"page","link":"https:\/\/www.thescore.ee\/ru\/","title":{"rendered":"\u042d\u0440\u043e\u0442\u0438\u0447\u0435\u0441\u043a\u0438\u0439 \u043a\u043b\u0443\u0431 \u2116 1 \u0432 \u0422\u0430\u043b\u043b\u0438\u043d\u043d\u0435"},"content":{"rendered":"\n\n\t\t\t<div data-elementor-type=\"section\" data-elementor-id=\"7777\" class=\"elementor elementor-7777 elementor-7755\" data-elementor-post-type=\"elementor_library\">\n\t\t\t\t\t<section class=\"elementor-section elementor-top-section elementor-element elementor-element-374004f elementor-section-full_width elementor-section-height-min-height elementor-section-content-middle elementor-section-height-default elementor-section-items-middle\" data-id=\"374004f\" data-element_type=\"section\" data-settings=\"{&quot;background_background&quot;:&quot;video&quot;,&quot;background_video_link&quot;:&quot;https:\\\/\\\/www.thescore.ee\\\/wp-content\\\/uploads\\\/2024\\\/10\\\/Strip-hard-v3.mp4&quot;,&quot;background_play_on_mobile&quot;:&quot;yes&quot;}\">\n\t\t\t\t\t\t\t\t<div class=\"elementor-background-video-container\" aria-hidden=\"true\">\n\t\t\t\t\t\t\t\t\t\t\t\t\t<video class=\"elementor-background-video-hosted\" autoplay muted playsinline loop><\/video>\n\t\t\t\t\t\t\t\t\t\t\t<\/div>\n\t\t\t\t\t\t\t\t\t<div class=\"elementor-background-overlay\"><\/div>\n\t\t\t\t\t\t\t<div class=\"elementor-container elementor-column-gap-default\">\n\t\t\t\t\t<div class=\"elementor-column elementor-col-100 elementor-top-column elementor-element elementor-element-1fa5e9d\" data-id=\"1fa5e9d\" data-element_type=\"column\">\n\t\t\t<div class=\"elementor-widget-wrap elementor-element-populated\">\n\t\t\t\t\t\t<div class=\"elementor-element elementor-element-dbe6d31 elementor-widget elementor-widget-html\" data-id=\"dbe6d31\" data-element_type=\"widget\" data-widget_type=\"html.default\">\n\t\t\t\t<div class=\"elementor-widget-container\">\n\t\t\t\t\t<div class=\"heroOuter\">\r\n    <div class=\"heroInner\">\r\n        <div class=\"heroContentBox\">\r\n            <span id=\"heroLeft\">THESCORE<\/span>\r\n            <span id=\"heroRight\">BAR & GIRLS<br>FULL STRIPTEASE<\/span>\r\n        <\/div>\r\n    <\/div>\r\n<div class=\"focusBar\">\r\n    <div class=\"focusBarOuter\">\r\n        <div class=\"focusBarInner\">\r\n            <div class=\"focusBarBlock\">\r\n                <span class=\"focusBarHeading\">\u0411\u0418\u041b\u0415\u0422:<\/span>\r\n                <span>\u0414\u041d\u0415\u0308\u041c 10\u20ac, \u041d\u041e\u0427\u042c\u042e 15\u20ac<\/span>\r\n            <\/div>\r\n        <div class=\"focusBarDot\">\u2022<\/div>\r\n            <div class=\"focusBarBlock\" id=\"openTimes\">\r\n                <span class=\"focusBarHeading\">\u0412\u0420\u0415\u041c\u042f \u0420\u0410\u0411\u041e\u0422\u042b:<\/span>\r\n                <span>O\u0442\u043a\u0440\u044b\u0442 7 \u0434\u043d\u0435\u0439 \u0432 \u043d\u0435\u0434\u0435\u043b\u044e 12.00-23.00<\/span>\r\n            <\/div>\r\n        <div class=\"focusBarDot\">\u2022<\/div>\r\n            <div class=\"focusBarBlock\">\r\n                <span class=\"focusBarHeading\">\u0410\u0414\u0420\u0415\u0421:<\/span>\r\n                <span>\u0412\u0410\u041d\u0410-\u0412\u0418\u0420\u0423, 14, \u0422\u0410\u041b\u041b\u0418\u041d\u041d<\/span>\r\n            <\/div>\r\n        <\/div>\r\n    <\/div>\r\n<\/div>\r\n<\/div>\t\t\t\t<\/div>\n\t\t\t\t<\/div>\n\t\t\t\t\t<\/div>\n\t\t<\/div>\n\t\t\t\t\t<\/div>\n\t\t<\/section>\n\t\t\t\t<\/div>\n\t\t\n\t<section>\n    <h1>\u042d\u0440\u043e\u0442\u0438\u0447\u0435\u0441\u043a\u0438\u0439 \u043a\u043b\u0443\u0431 \u2116 1 \u0432 \u0422\u0430\u043b\u043b\u0438\u043d\u043d\u0435!<\/h1>\n    \u041a\u043b\u0443\u0431 \u00abThe Score\u00bb, \u043a\u043e\u0442\u043e\u0440\u044b\u0438\u0306 \u043d\u0430\u0445\u043e\u0434\u0438\u0442\u0441\u044f \u0432 \u0441\u0430\u043c\u043e\u043c \u0446\u0435\u043d\u0442\u0440\u0435 \u0433\u043e\u0440\u043e\u0434\u0430, \u043f\u0440\u0435\u0434\u043b\u0430\u0433\u0430\u0435\u0442  \u043f\u043e\u043b\u043d\u044b\u0438\u0306 \u0441\u0442\u0440\u0438\u043f\u0442\u0438\u0437 \u043d\u0430 \u043f\u043e\u0434\u0438\u0443\u043c\u0435 \u0438 \u0432\u043e\u0437\u043c\u043e\u0436\u043d\u043e\u0441\u0442\u044c \u043f\u0440\u043e\u0441\u043c\u043e\u0442\u0440\u0430 \u0440\u0430\u0437\u0432\u043b\u0435\u043a\u0430\u0442\u0435\u043b\u044c\u043d\u044b\u0445 \u0438 \u0441\u043f\u043e\u0440\u0442\u0438\u0432\u043d\u044b\u0445 \u043f\u0440\u043e\u0433\u0440\u0430\u043c\u043c \u043d\u0430 \u043e\u0433\u0440\u043e\u043c\u043d\u044b\u0445 \u0442\u0435\u043b\u0435\u0432\u0438\u0437\u0438\u043e\u043d\u043d\u044b\u0445 \u044d\u043a\u0440\u0430\u043d\u0430\u0445. suurtelt ekraanidelt.\n      <img decoding=\"async\" src=\"https:\/\/www.thescore.ee\/wp-content\/uploads\/\/2020\/06\/Group-60USPNoShadow.svg\"\/>\n      <h3>\u041f\u041e\u041b\u041d\u042b\u0418\u0306 \u0421\u0422\u0420\u0418\u041f\u0422\u0418\u0417<\/h3>\n      <img decoding=\"async\" src=\"https:\/\/www.thescore.ee\/wp-content\/uploads\/\/2020\/06\/Group-61USPNoShadow.svg\"\/>\n      <h3>\u041f\u0420\u0418\u0412\u0410\u0422\u041d\u0423\u042e \u041a\u041e\u041c\u041d\u0410\u0422\u0423<\/h3>\n      <img decoding=\"async\" src=\"https:\/\/www.thescore.ee\/wp-content\/uploads\/\/2020\/06\/Group-62USPNoShadow.svg\"\/>\n      <h3>\u0414\u041e 15 \u0422\u0410\u041d\u0426\u041e\u0412\u0429\u0418\u0426<\/h3>\n<h2>FOOTBALL LOUNGE<\/h2>\n<p>\u0412\u044b \u043c\u043e\u0436\u0435\u0442\u0435 \u0441\u043c\u043e\u0442\u0440\u0435\u0442\u044c \u043d\u0430 \u043e\u0433\u0440\u043e\u043c\u043d\u044b\u0445 \u0442\u0435\u043b\u0435\u0432\u0438\u0437\u0438\u043e\u043d\u043d\u044b\u0445 \u044d\u043a\u0440\u0430\u043d\u0430\u0445 \u043a\u0430\u043d\u0430\u043b\u044b, \u043a\u043e\u0442\u043e\u0440\u044b\u0435 \u0442\u0440\u0430\u043d\u0441\u043b\u0438\u0440\u0443\u044e\u0442 \u0440\u0430\u0437\u0432\u043b\u0435\u043a\u0430\u0442\u0435\u043b\u044c\u043d\u044b\u0435 \u0438 \u0441\u043f\u043e\u0440\u0442\u0438\u0432\u043d\u044b\u0435 \u043f\u0440\u043e\u0433\u0440\u0430\u043c\u043c\u044b.<\/p>\n<h2>EROTIC LOUNGE<\/h2>\n<p>B\u0441\u0435\u0433\u0434\u0430 \u0440\u0430\u0434 \u043f\u0440\u0438\u0432\u0435\u0442\u0441\u0442\u0432\u043e\u0432\u0430\u0442\u044c \u0443 \u0441\u0435\u0431\u044f \u0434\u0436\u0435\u043d\u0442\u043b\u044c\u043c\u0435\u043d\u043e\u0432, \u043a\u043e\u0442\u043e\u0440\u044b\u0435 \u0443\u043c\u0435\u044e\u0442 \u0445\u043e\u0440\u043e\u0448\u043e \u043f\u0440\u043e\u0432\u043e\u0434\u0438\u0442\u044c \u0432\u0440\u0435\u043c\u044f \u0438 \u0437\u043d\u0430\u044e\u0442, \u0447\u0442\u043e \u0442\u0430\u043a\u043e\u0435 \u0436\u0435\u043d\u0441\u043a\u0430\u044f \u043a\u0440\u0430\u0441\u043e\u0442\u0430. \u041f\u043b\u0435\u043d\u044f\u044e\u0449\u0438\u0438\u0306 \u043c\u0438\u0440 \u044d\u043a\u0441\u043a\u043b\u044e\u0437\u0438\u0432\u043d\u043e\u0433\u043e \u0441\u0442\u0440\u0438\u043f\u0442\u0438\u0437 \u0448\u043e\u0443 \u043c\u0430\u043d\u0438\u0442 \u0438 \u0437\u043e\u0432\u0435\u0308\u0442 \u043f\u043e\u043b\u044e\u0431\u043e\u0432\u0430\u0442\u044c\u0441\u044f \u0441\u0430\u043c\u044b\u043c\u0438 \u0440\u043e\u0441\u043a\u043e\u0448\u043d\u044b\u043c\u0438 \u0438 \u0438\u043d\u0442\u0440\u0438\u0433\u0443\u044e\u0449\u0438\u043c\u0438 \u0434\u0435\u0432\u0443\u0448\u043a\u0430\u043c\u0438. \u0415\u0441\u043b\u0438 \u0434\u0435\u0432\u0443\u0448\u043a\u0430 \u0441\u0438\u043b\u044c\u043d\u043e \u043f\u043e\u043d\u0440\u0430\u0432\u0438\u043b\u0430\u0441\u044c, \u0412\u044b \u0432\u0441\u0435\u0433\u0434\u0430 \u043c\u043e\u0436\u0435\u0442\u0435 \u0437\u0430\u043a\u0430\u0437\u0430\u0442\u044c \u043f\u0440\u0438\u0432\u0430\u0442\u043d\u044b\u0438\u0306 \u0442\u0430\u043d\u0435\u0446 \u0438 \u0443\u0435\u0434\u0438\u043d\u0438\u0442\u044c\u0441\u044f \u0441 \u043f\u043e\u043d\u0440\u0430\u0432\u0438\u0432\u0448\u0435\u0438\u0306\u0441\u044f \u0432 \u043f\u0440\u0438\u0432\u0430\u0442\u043d\u0443\u044e \u043a\u043e\u043c\u043d\u0430\u0442\u0443 \u0438\u043b\u0438 \u0432 \u0434\u0436\u0430\u043a\u0443\u0437\u0438.<\/p>\n        <img decoding=\"async\" src=\"https:\/\/www.thescore.ee\/wp-content\/uploads\/\/2020\/06\/TicketInfoBox-1.svg\"\/>\n        \u0431\u0438\u043b\u0435\u0442: \u0434\u043d\u0435\u0308\u043c 10\u20ac, \u043d\u043e\u0447\u044c\u044e 15\u20ac<br \/>O\u0442\u043a\u0440\u044b\u0442: 24\/7\n<\/section>\n\t<section>\n            <img src='https:\/\/www.thescore.ee\/wp-content\/uploads\/\/2020\/06\/InstagramGradientIcon.svg'\/>\n            j\u00e4lgi meid instagramis\n            <a href=\"https:\/\/www.instagram.com\/scoreclub_tallinn\/\" target=\"_blank\" rel=\"noopener\">@scoreclub_tallinn<\/a>\n<\/section>\n<section>\n        Korralda meeldej\u00e4\u00e4v \u00fcritus meie juures\n        <p>AITAME KORRALDADA Poissmeeste- ja t\u00fcdrukute\u00f5htuid, s\u00fcnnip\u00e4evasid, firmapidusid<\/p>\n        <p>VIP sauna rent alates 100 eur \/ tund<\/p>\n        <a href=\"http:\/\/www.thescore.ee\/kontakt\/\"><button>V\u00f5ta \u00fchendust<\/button><\/a>\n<\/section>\n<section>\n                    <a href=\"\/lisateenused\/\">\n            Lisateenused\n                    <\/a>\n                                        <a href=\"\/sauna-rent\/\">\n            Saunad\n        <\/a>\n                    <a href=\"\/galerii\/\">\n            Galerii\n                    <\/a>\n                    <a href=\"\/poissmeesteohtu-tallinnas\/\">\n            \u00dcritused\n                    <\/a>\n<\/section>\n\n","protected":false},"excerpt":{"rendered":"<p>\u042d\u0440\u043e\u0442\u0438\u0447\u0435\u0441\u043a\u0438\u0439 \u043a\u043b\u0443\u0431 \u2116 1 \u0432 \u0422\u0430\u043b\u043b\u0438\u043d\u043d\u0435! \u041a\u043b\u0443\u0431 \u00abThe Score\u00bb, \u043a\u043e\u0442\u043e\u0440\u044b\u0438\u0306 \u043d\u0430\u0445\u043e\u0434\u0438\u0442\u0441\u044f \u0432 \u0441\u0430\u043c\u043e\u043c \u0446\u0435\u043d\u0442\u0440\u0435 \u0433\u043e\u0440\u043e\u0434\u0430, \u043f\u0440\u0435\u0434\u043b\u0430\u0433\u0430\u0435\u0442 \u043f\u043e\u043b\u043d\u044b\u0438\u0306 \u0441\u0442\u0440\u0438\u043f\u0442\u0438\u0437 \u043d\u0430 \u043f\u043e\u0434\u0438\u0443\u043c\u0435 \u0438 \u0432\u043e\u0437\u043c\u043e\u0436\u043d\u043e\u0441\u0442\u044c \u043f\u0440\u043e\u0441\u043c\u043e\u0442\u0440\u0430 \u0440\u0430\u0437\u0432\u043b\u0435\u043a\u0430\u0442\u0435\u043b\u044c\u043d\u044b\u0445 \u0438 \u0441\u043f\u043e\u0440\u0442\u0438\u0432\u043d\u044b\u0445 \u043f\u0440\u043e\u0433\u0440\u0430\u043c\u043c \u043d\u0430 \u043e\u0433\u0440\u043e\u043c\u043d\u044b\u0445 \u0442\u0435\u043b\u0435\u0432\u0438\u0437\u0438\u043e\u043d\u043d\u044b\u0445 \u044d\u043a\u0440\u0430\u043d\u0430\u0445. suurtelt ekraanidelt. \u041f\u041e\u041b\u041d\u042b\u0418\u0306 \u0421\u0422\u0420\u0418\u041f\u0422\u0418\u0417 \u041f\u0420\u0418\u0412\u0410\u0422\u041d\u0423\u042e \u041a\u041e\u041c\u041d\u0410\u0422\u0423 \u0414\u041e 15 \u0422\u0410\u041d\u0426\u041e\u0412\u0429\u0418\u0426 FOOTBALL LOUNGE \u0412\u044b \u043c\u043e\u0436\u0435\u0442\u0435 \u0441\u043c\u043e\u0442\u0440\u0435\u0442\u044c \u043d\u0430 \u043e\u0433\u0440\u043e\u043c\u043d\u044b\u0445 \u0442\u0435\u043b\u0435\u0432\u0438\u0437\u0438\u043e\u043d\u043d\u044b\u0445 \u044d\u043a\u0440\u0430\u043d\u0430\u0445 \u043a\u0430\u043d\u0430\u043b\u044b, \u043a\u043e\u0442\u043e\u0440\u044b\u0435 \u0442\u0440\u0430\u043d\u0441\u043b\u0438\u0440\u0443\u044e\u0442 \u0440\u0430\u0437\u0432\u043b\u0435\u043a\u0430\u0442\u0435\u043b\u044c\u043d\u044b\u0435 \u0438 \u0441\u043f\u043e\u0440\u0442\u0438\u0432\u043d\u044b\u0435&hellip;<\/p>\n","protected":false},"author":1,"featured_media":521,"parent":0,"menu_order":0,"comment_status":"closed","ping_status":"open","template":"","meta":{"footnotes":""},"class_list":["post-633","page","type-page","status-publish","has-post-thumbnail","hentry"],"acf":[],"_links":{"self":[{"href":"https:\/\/www.thescore.ee\/ru\/wp-json\/wp\/v2\/pages\/633","targetHints":{"allow":["GET"]}}],"collection":[{"href":"https:\/\/www.thescore.ee\/ru\/wp-json\/wp\/v2\/pages"}],"about":[{"href":"https:\/\/www.thescore.ee\/ru\/wp-json\/wp\/v2\/types\/page"}],"author":[{"embeddable":true,"href":"https:\/\/www.thescore.ee\/ru\/wp-json\/wp\/v2\/users\/1"}],"replies":[{"embeddable":true,"href":"https:\/\/www.thescore.ee\/ru\/wp-json\/wp\/v2\/comments?post=633"}],"version-history":[{"count":10,"href":"https:\/\/www.thescore.ee\/ru\/wp-json\/wp\/v2\/pages\/633\/revisions"}],"predecessor-version":[{"id":7779,"href":"https:\/\/www.thescore.ee\/ru\/wp-json\/wp\/v2\/pages\/633\/revisions\/7779"}],"wp:featuredmedia":[{"embeddable":true,"href":"https:\/\/www.thescore.ee\/ru\/wp-json\/wp\/v2\/media\/521"}],"wp:attachment":[{"href":"https:\/\/www.thescore.ee\/ru\/wp-json\/wp\/v2\/media?parent=633"}],"curies":[{"name":"wp","href":"https:\/\/api.w.org\/{rel}","templated":true}]}}